{"id":87,"date":"2021-09-09T13:59:24","date_gmt":"2021-09-09T17:59:24","guid":{"rendered":"http:\/\/173.209.38.86\/~boiseriesalgonqu\/my-account\/"},"modified":"2021-09-24T13:25:52","modified_gmt":"2021-09-24T17:25:52","slug":"my-account","status":"publish","type":"page","link":"https:\/\/boiseriesalgonquin.com\/en\/my-account\/","title":{"rendered":"My Account"},"content":{"rendered":"<div class=\"woocommerce\"><div class=\"woocommerce-notices-wrapper\"><\/div>\n<div class=\"account-container lightbox-inner\">\n\n\t\n\t<div class=\"col2-set row row-divided row-large\" id=\"customer_login\">\n\n\t\t<div class=\"col-1 large-6 col pb-0\">\n\n\t\t\t\n\t\t\t<div class=\"account-login-inner\">\n\n\t\t\t\t<h2 class=\"uppercase h3\">Login<\/h2>\n\n\t\t\t\t<form class=\"woocommerce-form woocommerce-form-login login\" method=\"post\" novalidate>\n\n\t\t\t\t\t\n\t\t\t\t\t<p class=\"woocommerce-form-row woocommerce-form-row--wide form-row form-row-wide\">\n\t\t\t\t\t\t<label for=\"username\">Username or email address&nbsp;<span class=\"required\" aria-hidden=\"true\">*<\/span><span class=\"screen-reader-text\">Required<\/span><\/label>\n\t\t\t\t\t\t<input type=\"text\" class=\"woocommerce-Input woocommerce-Input--text input-text\" name=\"username\" id=\"username\" autocomplete=\"username\" value=\"\" required aria-required=\"true\" \/>\t\t\t\t\t<\/p>\n\t\t\t\t\t<p class=\"woocommerce-form-row woocommerce-form-row--wide form-row form-row-wide\">\n\t\t\t\t\t\t<label for=\"password\">Password&nbsp;<span class=\"required\" aria-hidden=\"true\">*<\/span><span class=\"screen-reader-text\">Required<\/span><\/label>\n\t\t\t\t\t\t<input class=\"woocommerce-Input woocommerce-Input--text input-text\" type=\"password\" name=\"password\" id=\"password\" autocomplete=\"current-password\" required aria-required=\"true\" \/>\n\t\t\t\t\t<\/p>\n\n\t\t\t\t\t\n\t\t\t\t\t<p class=\"form-row\">\n\t\t\t\t\t\t<label class=\"woocommerce-form__label woocommerce-form__label-for-checkbox woocommerce-form-login__rememberme\">\n\t\t\t\t\t\t\t<input class=\"woocommerce-form__input woocommerce-form__input-checkbox\" name=\"rememberme\" type=\"checkbox\" id=\"rememberme\" value=\"forever\" \/> <span>Remember me<\/span>\n\t\t\t\t\t\t<\/label>\n\t\t\t\t\t\t<input type=\"hidden\" id=\"woocommerce-login-nonce\" name=\"woocommerce-login-nonce\" value=\"a88611a6d7\" \/><input type=\"hidden\" name=\"_wp_http_referer\" value=\"\/en\/wp-json\/wp\/v2\/pages\/87\" \/>\t\t\t\t\t\t<button type=\"submit\" class=\"woocommerce-button button woocommerce-form-login__submit\" name=\"login\" value=\"Log in\">Log in<\/button>\n\t\t\t\t\t<\/p>\n\t\t\t\t\t<p class=\"woocommerce-LostPassword lost_password\">\n\t\t\t\t\t\t<a href=\"https:\/\/boiseriesalgonquin.com\/en\/my-account\/lost-password\/\">Lost your password?<\/a>\n\t\t\t\t\t<\/p>\n\n\t\t\t\t\t\n\t\t\t\t<\/form>\n\t\t\t<\/div>\n\n\t\t\t\n\t\t<\/div>\n\n\t\t<div class=\"col-2 large-6 col pb-0\">\n\n\t\t\t<div class=\"account-register-inner\">\n\n\t\t\t\t<h2 class=\"uppercase h3\">Register<\/h2>\n\n\t\t\t\t<form method=\"post\" class=\"woocommerce-form woocommerce-form-register register\"  >\n\n\t\t\t\t\t\n\t\t\t\t\t\n\t\t\t\t\t<p class=\"woocommerce-form-row woocommerce-form-row--wide form-row form-row-wide\">\n\t\t\t\t\t\t<label for=\"reg_email\">Email address&nbsp;<span class=\"required\" aria-hidden=\"true\">*<\/span><span class=\"screen-reader-text\">Required<\/span><\/label>\n\t\t\t\t\t\t<input type=\"email\" class=\"woocommerce-Input woocommerce-Input--text input-text\" name=\"email\" id=\"reg_email\" autocomplete=\"email\" value=\"\" required aria-required=\"true\" \/>\t\t\t\t\t<\/p>\n\n\t\t\t\t\t\n\t\t\t\t\t\t<p class=\"woocommerce-form-row woocommerce-form-row--wide form-row form-row-wide\">\n\t\t\t\t\t\t\t<label for=\"reg_password\">Password&nbsp;<span class=\"required\" aria-hidden=\"true\">*<\/span><span class=\"screen-reader-text\">Required<\/span><\/label>\n\t\t\t\t\t\t\t<input type=\"password\" class=\"woocommerce-Input woocommerce-Input--text input-text\" name=\"password\" id=\"reg_password\" autocomplete=\"new-password\" required aria-required=\"true\" \/>\n\t\t\t\t\t\t<\/p>\n\n\t\t\t\t\t\n\t\t\t\t\t<p class=\"form-row form-row-wide mailchimp-newsletter\"><label for=\"mailchimp_woocommerce_newsletter\" class=\"woocommerce-form__label woocommerce-form__label-for-checkbox inline\"><input class=\"woocommerce-form__input woocommerce-form__input-checkbox input-checkbox\" id=\"mailchimp_woocommerce_newsletter\" type=\"checkbox\" name=\"mailchimp_woocommerce_newsletter\" value=\"1\" checked=\"checked\"> <span>Inscription \u00e0 l'infolettre<\/span><\/label><\/p><div class=\"clear\"><\/div><wc-order-attribution-inputs><\/wc-order-attribution-inputs><div class=\"woocommerce-privacy-policy-text\"><p>Vos donn\u00e9es personnelles seront utilis\u00e9es pour vous accompagner au cours de votre visite du site web, g\u00e9rer l&rsquo;acc\u00e8s \u00e0 votre compte, et pour d&rsquo;autres raisons d\u00e9crites dans notre <a href=\"https:\/\/boiseriesalgonquin.com\/politique-de-confidentialite\/\" class=\"woocommerce-privacy-policy-link\" target=\"_blank\">privacy policy<\/a>.<\/p>\n<\/div>\n\t\t\t\t\t<p class=\"woocommerce-form-row form-row\">\n\t\t\t\t\t\t<input type=\"hidden\" id=\"woocommerce-register-nonce\" name=\"woocommerce-register-nonce\" value=\"4831ea387a\" \/><input type=\"hidden\" name=\"_wp_http_referer\" value=\"\/en\/wp-json\/wp\/v2\/pages\/87\" \/>\t\t\t\t\t\t<button type=\"submit\" class=\"woocommerce-Button woocommerce-button button woocommerce-form-register__submit\" name=\"register\" value=\"Register\">Register<\/button>\n\t\t\t\t\t<\/p>\n\n\t\t\t\t\t\n\t\t\t\t<\/form>\n\n\t\t\t<\/div>\n\n\t\t<\/div>\n\n\t<\/div>\n\n<\/div>\n\n<\/div>\n","protected":false},"excerpt":{"rendered":"","protected":false},"author":1,"featured_media":0,"parent":0,"menu_order":0,"comment_status":"closed","ping_status":"closed","template":"page-my-account.php","meta":{"footnotes":""},"class_list":["post-87","page","type-page","status-publish","hentry"],"yoast_head":"<!-- This site is optimized with the Yoast SEO plugin v27.3 - https:\/\/yoast.com\/product\/yoast-seo-wordpress\/ -->\n<title>My Account - Boiseries Algonquin<\/title>\n<meta name=\"robots\" content=\"index, follow, max-snippet:-1, max-image-preview:large, max-video-preview:-1\" \/>\n<link rel=\"canonical\" href=\"https:\/\/boiseriesalgonquin.com\/en\/my-account\/\" \/>\n<meta property=\"og:locale\" content=\"en_US\" \/>\n<meta property=\"og:type\" content=\"article\" \/>\n<meta property=\"og:title\" content=\"My Account - Boiseries Algonquin\" \/>\n<meta property=\"og:url\" content=\"https:\/\/boiseriesalgonquin.com\/en\/my-account\/\" \/>\n<meta property=\"og:site_name\" content=\"Boiseries Algonquin\" \/>\n<meta property=\"article:publisher\" content=\"https:\/\/www.facebook.com\/mouluresalgonquin\/\" \/>\n<meta property=\"article:modified_time\" content=\"2021-09-24T17:25:52+00:00\" \/>\n<meta name=\"twitter:card\" content=\"summary_large_image\" \/>\n<script type=\"application\/ld+json\" class=\"yoast-schema-graph\">{\"@context\":\"https:\\\/\\\/schema.org\",\"@graph\":[{\"@type\":\"WebPage\",\"@id\":\"https:\\\/\\\/boiseriesalgonquin.com\\\/en\\\/my-account\\\/\",\"url\":\"https:\\\/\\\/boiseriesalgonquin.com\\\/en\\\/my-account\\\/\",\"name\":\"My Account - Boiseries Algonquin\",\"isPartOf\":{\"@id\":\"https:\\\/\\\/boiseriesalgonquin.com\\\/en\\\/#website\"},\"datePublished\":\"2021-09-09T17:59:24+00:00\",\"dateModified\":\"2021-09-24T17:25:52+00:00\",\"breadcrumb\":{\"@id\":\"https:\\\/\\\/boiseriesalgonquin.com\\\/en\\\/my-account\\\/#breadcrumb\"},\"inLanguage\":\"en-CA\",\"potentialAction\":[{\"@type\":\"ReadAction\",\"target\":[\"https:\\\/\\\/boiseriesalgonquin.com\\\/en\\\/my-account\\\/\"]}]},{\"@type\":\"BreadcrumbList\",\"@id\":\"https:\\\/\\\/boiseriesalgonquin.com\\\/en\\\/my-account\\\/#breadcrumb\",\"itemListElement\":[{\"@type\":\"ListItem\",\"position\":1,\"name\":\"Accueil\",\"item\":\"https:\\\/\\\/boiseriesalgonquin.com\\\/en\\\/\"},{\"@type\":\"ListItem\",\"position\":2,\"name\":\"My Account\"}]},{\"@type\":\"WebSite\",\"@id\":\"https:\\\/\\\/boiseriesalgonquin.com\\\/en\\\/#website\",\"url\":\"https:\\\/\\\/boiseriesalgonquin.com\\\/en\\\/\",\"name\":\"Boiseries Algonquin\",\"description\":\"\",\"publisher\":{\"@id\":\"https:\\\/\\\/boiseriesalgonquin.com\\\/en\\\/#organization\"},\"potentialAction\":[{\"@type\":\"SearchAction\",\"target\":{\"@type\":\"EntryPoint\",\"urlTemplate\":\"https:\\\/\\\/boiseriesalgonquin.com\\\/en\\\/?s={search_term_string}\"},\"query-input\":{\"@type\":\"PropertyValueSpecification\",\"valueRequired\":true,\"valueName\":\"search_term_string\"}}],\"inLanguage\":\"en-CA\"},{\"@type\":\"Organization\",\"@id\":\"https:\\\/\\\/boiseriesalgonquin.com\\\/en\\\/#organization\",\"name\":\"Boiseries Algonquin\",\"url\":\"https:\\\/\\\/boiseriesalgonquin.com\\\/en\\\/\",\"logo\":{\"@type\":\"ImageObject\",\"inLanguage\":\"en-CA\",\"@id\":\"https:\\\/\\\/boiseriesalgonquin.com\\\/en\\\/#\\\/schema\\\/logo\\\/image\\\/\",\"url\":\"https:\\\/\\\/boiseriesalgonquin.com\\\/wp-content\\\/uploads\\\/2019\\\/11\\\/boiseries-algonquin.png\",\"contentUrl\":\"https:\\\/\\\/boiseriesalgonquin.com\\\/wp-content\\\/uploads\\\/2019\\\/11\\\/boiseries-algonquin.png\",\"width\":350,\"height\":126,\"caption\":\"Boiseries Algonquin\"},\"image\":{\"@id\":\"https:\\\/\\\/boiseriesalgonquin.com\\\/en\\\/#\\\/schema\\\/logo\\\/image\\\/\"},\"sameAs\":[\"https:\\\/\\\/www.facebook.com\\\/mouluresalgonquin\\\/\",\"https:\\\/\\\/www.instagram.com\\\/boiseries.algonquin\\\/\",\"https:\\\/\\\/www.linkedin.com\\\/authwall?trk=gf&amp;amp;amp;amp;amp;amp;amp;amp;amp;amp;amp;amp;trkInfo=AQFQJ-AsczxxIgAAAW-BtzRo4pMJNuEeFkvAWdmRkO79iOB1nKURBgRHOmHCZZ4ez2lE1qmdbGIUlpXv-DpfmQ69OFxRNZSTQIHX0MTI_mLyrJkiD88pAY5Q5LJfk6WUi-SzC7g=&amp;amp;amp;amp;amp;amp;amp;amp;amp;amp;amp;amp;originalReferer=https:\\\/\\\/www.boiseriesalgonquin.com\\\/?SID=sf7mtaf95rs4pt7kkhcbcjiv44&amp;amp;amp;amp;amp;amp;amp;amp;amp;amp;amp;amp;sessionRedirect=https:\\\/\\\/fr.linkedin.com\\\/company\\\/algonquin-direct\",\"https:\\\/\\\/www.pinterest.es\\\/boiseriesalgonq\\\/\"]}]}<\/script>\n<!-- \/ Yoast SEO plugin. -->","yoast_head_json":{"title":"My Account - Boiseries Algonquin","robots":{"index":"index","follow":"follow","max-snippet":"max-snippet:-1","max-image-preview":"max-image-preview:large","max-video-preview":"max-video-preview:-1"},"canonical":"https:\/\/boiseriesalgonquin.com\/en\/my-account\/","og_locale":"en_US","og_type":"article","og_title":"My Account - Boiseries Algonquin","og_url":"https:\/\/boiseriesalgonquin.com\/en\/my-account\/","og_site_name":"Boiseries Algonquin","article_publisher":"https:\/\/www.facebook.com\/mouluresalgonquin\/","article_modified_time":"2021-09-24T17:25:52+00:00","twitter_card":"summary_large_image","schema":{"@context":"https:\/\/schema.org","@graph":[{"@type":"WebPage","@id":"https:\/\/boiseriesalgonquin.com\/en\/my-account\/","url":"https:\/\/boiseriesalgonquin.com\/en\/my-account\/","name":"My Account - Boiseries Algonquin","isPartOf":{"@id":"https:\/\/boiseriesalgonquin.com\/en\/#website"},"datePublished":"2021-09-09T17:59:24+00:00","dateModified":"2021-09-24T17:25:52+00:00","breadcrumb":{"@id":"https:\/\/boiseriesalgonquin.com\/en\/my-account\/#breadcrumb"},"inLanguage":"en-CA","potentialAction":[{"@type":"ReadAction","target":["https:\/\/boiseriesalgonquin.com\/en\/my-account\/"]}]},{"@type":"BreadcrumbList","@id":"https:\/\/boiseriesalgonquin.com\/en\/my-account\/#breadcrumb","itemListElement":[{"@type":"ListItem","position":1,"name":"Accueil","item":"https:\/\/boiseriesalgonquin.com\/en\/"},{"@type":"ListItem","position":2,"name":"My Account"}]},{"@type":"WebSite","@id":"https:\/\/boiseriesalgonquin.com\/en\/#website","url":"https:\/\/boiseriesalgonquin.com\/en\/","name":"Boiseries Algonquin","description":"","publisher":{"@id":"https:\/\/boiseriesalgonquin.com\/en\/#organization"},"potentialAction":[{"@type":"SearchAction","target":{"@type":"EntryPoint","urlTemplate":"https:\/\/boiseriesalgonquin.com\/en\/?s={search_term_string}"},"query-input":{"@type":"PropertyValueSpecification","valueRequired":true,"valueName":"search_term_string"}}],"inLanguage":"en-CA"},{"@type":"Organization","@id":"https:\/\/boiseriesalgonquin.com\/en\/#organization","name":"Boiseries Algonquin","url":"https:\/\/boiseriesalgonquin.com\/en\/","logo":{"@type":"ImageObject","inLanguage":"en-CA","@id":"https:\/\/boiseriesalgonquin.com\/en\/#\/schema\/logo\/image\/","url":"https:\/\/boiseriesalgonquin.com\/wp-content\/uploads\/2019\/11\/boiseries-algonquin.png","contentUrl":"https:\/\/boiseriesalgonquin.com\/wp-content\/uploads\/2019\/11\/boiseries-algonquin.png","width":350,"height":126,"caption":"Boiseries Algonquin"},"image":{"@id":"https:\/\/boiseriesalgonquin.com\/en\/#\/schema\/logo\/image\/"},"sameAs":["https:\/\/www.facebook.com\/mouluresalgonquin\/","https:\/\/www.instagram.com\/boiseries.algonquin\/","https:\/\/www.linkedin.com\/authwall?trk=gf&amp;amp;amp;amp;amp;amp;amp;amp;amp;amp;amp;amp;trkInfo=AQFQJ-AsczxxIgAAAW-BtzRo4pMJNuEeFkvAWdmRkO79iOB1nKURBgRHOmHCZZ4ez2lE1qmdbGIUlpXv-DpfmQ69OFxRNZSTQIHX0MTI_mLyrJkiD88pAY5Q5LJfk6WUi-SzC7g=&amp;amp;amp;amp;amp;amp;amp;amp;amp;amp;amp;amp;originalReferer=https:\/\/www.boiseriesalgonquin.com\/?SID=sf7mtaf95rs4pt7kkhcbcjiv44&amp;amp;amp;amp;amp;amp;amp;amp;amp;amp;amp;amp;sessionRedirect=https:\/\/fr.linkedin.com\/company\/algonquin-direct","https:\/\/www.pinterest.es\/boiseriesalgonq\/"]}]}},"jetpack_sharing_enabled":true,"_links":{"self":[{"href":"https:\/\/boiseriesalgonquin.com\/en\/wp-json\/wp\/v2\/pages\/87","targetHints":{"allow":["GET"]}}],"collection":[{"href":"https:\/\/boiseriesalgonquin.com\/en\/wp-json\/wp\/v2\/pages"}],"about":[{"href":"https:\/\/boiseriesalgonquin.com\/en\/wp-json\/wp\/v2\/types\/page"}],"author":[{"embeddable":true,"href":"https:\/\/boiseriesalgonquin.com\/en\/wp-json\/wp\/v2\/users\/1"}],"replies":[{"embeddable":true,"href":"https:\/\/boiseriesalgonquin.com\/en\/wp-json\/wp\/v2\/comments?post=87"}],"version-history":[{"count":1,"href":"https:\/\/boiseriesalgonquin.com\/en\/wp-json\/wp\/v2\/pages\/87\/revisions"}],"predecessor-version":[{"id":12419,"href":"https:\/\/boiseriesalgonquin.com\/en\/wp-json\/wp\/v2\/pages\/87\/revisions\/12419"}],"wp:attachment":[{"href":"https:\/\/boiseriesalgonquin.com\/en\/wp-json\/wp\/v2\/media?parent=87"}],"curies":[{"name":"wp","href":"https:\/\/api.w.org\/{rel}","templated":true}]}}